{"id":24,"date":"2021-03-21T18:34:45","date_gmt":"2021-03-21T18:34:45","guid":{"rendered":"http:\/\/7v6.ca4.mywebsitetransfer.com\/?page_id=24"},"modified":"2021-04-27T13:07:01","modified_gmt":"2021-04-27T13:07:01","slug":"teachers","status":"publish","type":"page","link":"http:\/\/tips.teacher-creature.com\/en\/teachers\/","title":{"rendered":"Tips for English Teachers"},"content":{"rendered":"<ul class=\"wp-block-latest-posts__list has-dates has-author aligncenter wp-block-latest-posts\"><li><div class=\"wp-block-latest-posts__featured-image\"><img loading=\"lazy\" decoding=\"async\" width=\"1024\" height=\"512\" src=\"http:\/\/tips.teacher-creature.com\/wp-content\/uploads\/2021\/05\/tc-tips-featured-images-min-1024x512.png\" class=\"attachment-large size-large wp-post-image\" alt=\"obr\u00e1zek p\u0159\u00edsp\u011bvku na blogu, jak napsat nadpis profilu u\u010ditele\" style=\"\" srcset=\"http:\/\/tips.teacher-creature.com\/wp-content\/uploads\/2021\/05\/tc-tips-featured-images-min-1024x512.png 1024w, http:\/\/tips.teacher-creature.com\/wp-content\/uploads\/2021\/05\/tc-tips-featured-images-min-300x150.png 300w, http:\/\/tips.teacher-creature.com\/wp-content\/uploads\/2021\/05\/tc-tips-featured-images-min-768x384.png 768w, http:\/\/tips.teacher-creature.com\/wp-content\/uploads\/2021\/05\/tc-tips-featured-images-min-16x8.png 16w, http:\/\/tips.teacher-creature.com\/wp-content\/uploads\/2021\/05\/tc-tips-featured-images-min.png 1200w\" sizes=\"(max-width: 1024px) 100vw, 1024px\" \/><\/div><a class=\"wp-block-latest-posts__post-title\" href=\"http:\/\/tips.teacher-creature.com\/en\/teacher-profile-headline\/\">How To Write A Headline That Stops Traffic And Prints Money<\/a><div class=\"wp-block-latest-posts__post-author\">by Ryan Viguerie<\/div><time datetime=\"2021-05-30T14:54:00+00:00\" class=\"wp-block-latest-posts__post-date\">May 30, 2021<\/time><div class=\"wp-block-latest-posts__post-excerpt\">In this article you\u2019re going to learn how to write a headline for your teacher profile.&nbsp; After your photo, it\u2019s the second thing a student sees.&nbsp; Write a good headline and you\u2019ve got a chance of getting a click and a new student. Write a bad headline and another teacher is going to get the\u2026 <a href=\"http:\/\/tips.teacher-creature.com\/en\/teacher-profile-headline\/\" rel=\"noopener noreferrer\">Read more<span class=\"screen-reader-text\">: How To Write A Headline That Stops Traffic And Prints Money<\/span><\/a><\/div><\/li>\n<li><div class=\"wp-block-latest-posts__featured-image\"><img loading=\"lazy\" decoding=\"async\" width=\"1024\" height=\"512\" src=\"http:\/\/tips.teacher-creature.com\/wp-content\/uploads\/2021\/05\/tc-tips-featured-images-2-min-1-1024x512.png\" class=\"attachment-large size-large wp-post-image\" alt=\"blog post cover for &quot;the real value of an english student&quot;\" style=\"\" srcset=\"http:\/\/tips.teacher-creature.com\/wp-content\/uploads\/2021\/05\/tc-tips-featured-images-2-min-1-1024x512.png 1024w, http:\/\/tips.teacher-creature.com\/wp-content\/uploads\/2021\/05\/tc-tips-featured-images-2-min-1-300x150.png 300w, http:\/\/tips.teacher-creature.com\/wp-content\/uploads\/2021\/05\/tc-tips-featured-images-2-min-1-768x384.png 768w, http:\/\/tips.teacher-creature.com\/wp-content\/uploads\/2021\/05\/tc-tips-featured-images-2-min-1-16x8.png 16w, http:\/\/tips.teacher-creature.com\/wp-content\/uploads\/2021\/05\/tc-tips-featured-images-2-min-1.png 1200w\" sizes=\"(max-width: 1024px) 100vw, 1024px\" \/><\/div><a class=\"wp-block-latest-posts__post-title\" href=\"http:\/\/tips.teacher-creature.com\/en\/student-lifetime-value\/\">The Real Value Of One Student<\/a><div class=\"wp-block-latest-posts__post-author\">by Ryan Viguerie<\/div><time datetime=\"2021-05-28T13:21:36+00:00\" class=\"wp-block-latest-posts__post-date\">May 28, 2021<\/time><div class=\"wp-block-latest-posts__post-excerpt\">Years ago, I got a new student named David. In terms of his value as a customer, he got off to a good start by asking for lessons twice a week and rarely cancelling.&nbsp; And then his value started to rise. First, he introduced me to his colleague, Jan. Jan started taking lessons right after\u2026 <a href=\"http:\/\/tips.teacher-creature.com\/en\/student-lifetime-value\/\" rel=\"noopener noreferrer\">Read more<span class=\"screen-reader-text\">: The Real Value Of One Student<\/span><\/a><\/div><\/li>\n<li><div class=\"wp-block-latest-posts__featured-image\"><img loading=\"lazy\" decoding=\"async\" width=\"1024\" height=\"512\" src=\"http:\/\/tips.teacher-creature.com\/wp-content\/uploads\/2021\/05\/tc-tips-featured-images-2-1024x512.png\" class=\"attachment-large size-large wp-post-image\" alt=\"how to get reviews for you teacher profile\" style=\"\" srcset=\"http:\/\/tips.teacher-creature.com\/wp-content\/uploads\/2021\/05\/tc-tips-featured-images-2-1024x512.png 1024w, http:\/\/tips.teacher-creature.com\/wp-content\/uploads\/2021\/05\/tc-tips-featured-images-2-300x150.png 300w, http:\/\/tips.teacher-creature.com\/wp-content\/uploads\/2021\/05\/tc-tips-featured-images-2-768x384.png 768w, http:\/\/tips.teacher-creature.com\/wp-content\/uploads\/2021\/05\/tc-tips-featured-images-2-16x8.png 16w, http:\/\/tips.teacher-creature.com\/wp-content\/uploads\/2021\/05\/tc-tips-featured-images-2.png 1200w\" sizes=\"(max-width: 1024px) 100vw, 1024px\" \/><\/div><a class=\"wp-block-latest-posts__post-title\" href=\"http:\/\/tips.teacher-creature.com\/en\/how-to-get-reviews\/\">How To Fill Up Your Teacher Profile With Five-Star Reviews From Students<\/a><div class=\"wp-block-latest-posts__post-author\">by Ryan Viguerie<\/div><time datetime=\"2021-05-05T11:33:47+00:00\" class=\"wp-block-latest-posts__post-date\">May 5, 2021<\/time><div class=\"wp-block-latest-posts__post-excerpt\">Take a look at this email I got from a prospective student:&nbsp; Nothing out of the ordinary. And in the next paragraph he asked me if we could have lessons in his office. Again, nothing too unusual. The only problems was, I was no longer a travelling teacher; to save time, I only accepted students\u2026 <a href=\"http:\/\/tips.teacher-creature.com\/en\/how-to-get-reviews\/\" rel=\"noopener noreferrer\">Read more<span class=\"screen-reader-text\">: How To Fill Up Your Teacher Profile With Five-Star Reviews From Students<\/span><\/a><\/div><\/li>\n<li><div class=\"wp-block-latest-posts__featured-image\"><img loading=\"lazy\" decoding=\"async\" width=\"1024\" height=\"512\" src=\"http:\/\/tips.teacher-creature.com\/wp-content\/uploads\/2021\/04\/photo2-min-1024x512.png\" class=\"attachment-large size-large wp-post-image\" alt=\"how to choose a photo for your teacher profile\" style=\"\" srcset=\"http:\/\/tips.teacher-creature.com\/wp-content\/uploads\/2021\/04\/photo2-min-1024x512.png 1024w, http:\/\/tips.teacher-creature.com\/wp-content\/uploads\/2021\/04\/photo2-min-300x150.png 300w, http:\/\/tips.teacher-creature.com\/wp-content\/uploads\/2021\/04\/photo2-min-768x384.png 768w, http:\/\/tips.teacher-creature.com\/wp-content\/uploads\/2021\/04\/photo2-min-16x8.png 16w, http:\/\/tips.teacher-creature.com\/wp-content\/uploads\/2021\/04\/photo2-min.png 1200w\" sizes=\"(max-width: 1024px) 100vw, 1024px\" \/><\/div><a class=\"wp-block-latest-posts__post-title\" href=\"http:\/\/tips.teacher-creature.com\/en\/profile-photo\/\">How To Choose A Photo That Gets Students To Click<\/a><div class=\"wp-block-latest-posts__post-author\">by Ryan Viguerie<\/div><time datetime=\"2021-04-18T13:58:49+00:00\" class=\"wp-block-latest-posts__post-date\">April 18, 2021<\/time><div class=\"wp-block-latest-posts__post-excerpt\">A teacher wrote to tell me he wasn&#8217;t getting any messages from students. I thought that was curious because I had just spoken to another teacher who told me she was getting plenty of inquiries. I suspected I already knew the answer. But when I checked out their profiles, it was now clear. One teacher\u2026 <a href=\"http:\/\/tips.teacher-creature.com\/en\/profile-photo\/\" rel=\"noopener noreferrer\">Read more<span class=\"screen-reader-text\">: How To Choose A Photo That Gets Students To Click<\/span><\/a><\/div><\/li>\n<\/ul>\n\n\n<p><\/p>\n","protected":false},"excerpt":{"rendered":"","protected":false},"author":2,"featured_media":0,"parent":0,"menu_order":0,"comment_status":"closed","ping_status":"closed","template":"page-templates\/blocks.php","meta":{"om_disable_all_campaigns":false,"_monsterinsights_skip_tracking":false,"_monsterinsights_sitenote_active":false,"_monsterinsights_sitenote_note":"","_monsterinsights_sitenote_category":0,"_genesis_hide_title":false,"_genesis_hide_breadcrumbs":false,"_genesis_hide_singular_image":false,"_genesis_hide_footer_widgets":false,"_genesis_custom_body_class":"","_genesis_custom_post_class":"","_genesis_layout":"","footnotes":""},"yoast_head":"<!-- This site is optimized with the Yoast SEO plugin v19.6 - https:\/\/yoast.com\/wordpress\/plugins\/seo\/ -->\n<title>Tips for English Teachers - Teacher Creature Tips<\/title>\n<meta name=\"robots\" content=\"index, follow, max-snippet:-1, max-image-preview:large, max-video-preview:-1\" \/>\n<link rel=\"canonical\" href=\"http:\/\/tips.teacher-creature.com\/en\/teachers\/\" \/>\n<meta property=\"og:locale\" content=\"en_US\" \/>\n<meta property=\"og:type\" content=\"article\" \/>\n<meta property=\"og:title\" content=\"Tips for English Teachers - Teacher Creature Tips\" \/>\n<meta property=\"og:url\" content=\"http:\/\/tips.teacher-creature.com\/en\/teachers\/\" \/>\n<meta property=\"og:site_name\" content=\"Teacher Creature Tips\" \/>\n<meta property=\"article:publisher\" content=\"https:\/\/www.facebook.com\/teachercreature.cz\" \/>\n<meta property=\"article:modified_time\" content=\"2021-04-27T13:07:01+00:00\" \/>\n<meta name=\"twitter:card\" content=\"summary_large_image\" \/>\n<script type=\"application\/ld+json\" class=\"yoast-schema-graph\">{\"@context\":\"https:\/\/schema.org\",\"@graph\":[{\"@type\":\"WebPage\",\"@id\":\"http:\/\/tips.teacher-creature.com\/en\/teachers\/\",\"url\":\"http:\/\/tips.teacher-creature.com\/en\/teachers\/\",\"name\":\"Tips for English Teachers - Teacher Creature Tips\",\"isPartOf\":{\"@id\":\"http:\/\/tips.teacher-creature.com\/en\/#website\"},\"datePublished\":\"2021-03-21T18:34:45+00:00\",\"dateModified\":\"2021-04-27T13:07:01+00:00\",\"breadcrumb\":{\"@id\":\"http:\/\/tips.teacher-creature.com\/en\/teachers\/#breadcrumb\"},\"inLanguage\":\"en-US\",\"potentialAction\":[{\"@type\":\"ReadAction\",\"target\":[\"http:\/\/tips.teacher-creature.com\/en\/teachers\/\"]}]},{\"@type\":\"BreadcrumbList\",\"@id\":\"http:\/\/tips.teacher-creature.com\/en\/teachers\/#breadcrumb\",\"itemListElement\":[{\"@type\":\"ListItem\",\"position\":1,\"name\":\"Home\",\"item\":\"https:\/\/tips.teacher-creature.com\/en\/\"},{\"@type\":\"ListItem\",\"position\":2,\"name\":\"Tips for English Teachers\"}]},{\"@type\":\"WebSite\",\"@id\":\"http:\/\/tips.teacher-creature.com\/en\/#website\",\"url\":\"http:\/\/tips.teacher-creature.com\/en\/\",\"name\":\"Teacher Creature Tips\",\"description\":\"Teacher Creature Tips\",\"publisher\":{\"@id\":\"http:\/\/tips.teacher-creature.com\/en\/#organization\"},\"potentialAction\":[{\"@type\":\"SearchAction\",\"target\":{\"@type\":\"EntryPoint\",\"urlTemplate\":\"http:\/\/tips.teacher-creature.com\/en\/?s={search_term_string}\"},\"query-input\":\"required name=search_term_string\"}],\"inLanguage\":\"en-US\"},{\"@type\":\"Organization\",\"@id\":\"http:\/\/tips.teacher-creature.com\/en\/#organization\",\"name\":\"Teacher Creature Tips\",\"url\":\"http:\/\/tips.teacher-creature.com\/en\/\",\"sameAs\":[\"https:\/\/www.facebook.com\/teachercreature.cz\"],\"logo\":{\"@type\":\"ImageObject\",\"inLanguage\":\"en-US\",\"@id\":\"http:\/\/tips.teacher-creature.com\/en\/#\/schema\/logo\/image\/\",\"url\":\"http:\/\/tips.teacher-creature.com\/wp-content\/uploads\/2021\/05\/cropped-tc-logo-no-bg-min.png\",\"contentUrl\":\"http:\/\/tips.teacher-creature.com\/wp-content\/uploads\/2021\/05\/cropped-tc-logo-no-bg-min.png\",\"width\":472,\"height\":132,\"caption\":\"Teacher Creature Tips\"},\"image\":{\"@id\":\"http:\/\/tips.teacher-creature.com\/en\/#\/schema\/logo\/image\/\"}}]}<\/script>\n<!-- \/ Yoast SEO plugin. -->","yoast_head_json":{"title":"Tips for English Teachers - Teacher Creature Tips","robots":{"index":"index","follow":"follow","max-snippet":"max-snippet:-1","max-image-preview":"max-image-preview:large","max-video-preview":"max-video-preview:-1"},"canonical":"http:\/\/tips.teacher-creature.com\/en\/teachers\/","og_locale":"en_US","og_type":"article","og_title":"Tips for English Teachers - Teacher Creature Tips","og_url":"http:\/\/tips.teacher-creature.com\/en\/teachers\/","og_site_name":"Teacher Creature Tips","article_publisher":"https:\/\/www.facebook.com\/teachercreature.cz","article_modified_time":"2021-04-27T13:07:01+00:00","twitter_card":"summary_large_image","schema":{"@context":"https:\/\/schema.org","@graph":[{"@type":"WebPage","@id":"http:\/\/tips.teacher-creature.com\/en\/teachers\/","url":"http:\/\/tips.teacher-creature.com\/en\/teachers\/","name":"Tips for English Teachers - Teacher Creature Tips","isPartOf":{"@id":"http:\/\/tips.teacher-creature.com\/en\/#website"},"datePublished":"2021-03-21T18:34:45+00:00","dateModified":"2021-04-27T13:07:01+00:00","breadcrumb":{"@id":"http:\/\/tips.teacher-creature.com\/en\/teachers\/#breadcrumb"},"inLanguage":"en-US","potentialAction":[{"@type":"ReadAction","target":["http:\/\/tips.teacher-creature.com\/en\/teachers\/"]}]},{"@type":"BreadcrumbList","@id":"http:\/\/tips.teacher-creature.com\/en\/teachers\/#breadcrumb","itemListElement":[{"@type":"ListItem","position":1,"name":"Home","item":"https:\/\/tips.teacher-creature.com\/en\/"},{"@type":"ListItem","position":2,"name":"Tips for English Teachers"}]},{"@type":"WebSite","@id":"http:\/\/tips.teacher-creature.com\/en\/#website","url":"http:\/\/tips.teacher-creature.com\/en\/","name":"Teacher Creature Tips","description":"Teacher Creature Tips","publisher":{"@id":"http:\/\/tips.teacher-creature.com\/en\/#organization"},"potentialAction":[{"@type":"SearchAction","target":{"@type":"EntryPoint","urlTemplate":"http:\/\/tips.teacher-creature.com\/en\/?s={search_term_string}"},"query-input":"required name=search_term_string"}],"inLanguage":"en-US"},{"@type":"Organization","@id":"http:\/\/tips.teacher-creature.com\/en\/#organization","name":"Teacher Creature Tips","url":"http:\/\/tips.teacher-creature.com\/en\/","sameAs":["https:\/\/www.facebook.com\/teachercreature.cz"],"logo":{"@type":"ImageObject","inLanguage":"en-US","@id":"http:\/\/tips.teacher-creature.com\/en\/#\/schema\/logo\/image\/","url":"http:\/\/tips.teacher-creature.com\/wp-content\/uploads\/2021\/05\/cropped-tc-logo-no-bg-min.png","contentUrl":"http:\/\/tips.teacher-creature.com\/wp-content\/uploads\/2021\/05\/cropped-tc-logo-no-bg-min.png","width":472,"height":132,"caption":"Teacher Creature Tips"},"image":{"@id":"http:\/\/tips.teacher-creature.com\/en\/#\/schema\/logo\/image\/"}}]}},"featured_image_src":null,"featured_image_src_square":null,"_links":{"self":[{"href":"http:\/\/tips.teacher-creature.com\/en\/wp-json\/wp\/v2\/pages\/24"}],"collection":[{"href":"http:\/\/tips.teacher-creature.com\/en\/wp-json\/wp\/v2\/pages"}],"about":[{"href":"http:\/\/tips.teacher-creature.com\/en\/wp-json\/wp\/v2\/types\/page"}],"author":[{"embeddable":true,"href":"http:\/\/tips.teacher-creature.com\/en\/wp-json\/wp\/v2\/users\/2"}],"replies":[{"embeddable":true,"href":"http:\/\/tips.teacher-creature.com\/en\/wp-json\/wp\/v2\/comments?post=24"}],"version-history":[{"count":0,"href":"http:\/\/tips.teacher-creature.com\/en\/wp-json\/wp\/v2\/pages\/24\/revisions"}],"wp:attachment":[{"href":"http:\/\/tips.teacher-creature.com\/en\/wp-json\/wp\/v2\/media?parent=24"}],"curies":[{"name":"wp","href":"https:\/\/api.w.org\/{rel}","templated":true}]}}