{"id":6,"date":"2021-03-20T17:32:32","date_gmt":"2021-03-20T17:32:32","guid":{"rendered":"http:\/\/tctips.wpengine.com\/?page_id=6"},"modified":"2021-06-13T11:14:06","modified_gmt":"2021-06-13T11:14:06","slug":"homepage","status":"publish","type":"page","link":"https:\/\/tips.teacher-creature.com\/en\/","title":{"rendered":""},"content":{"rendered":"\n<div class=\"wp-block-columns alignwide has-2-columns is-layout-flex wp-container-core-columns-layout-1 wp-block-columns-is-layout-flex\">\n<div class=\"wp-block-column authority-text-align is-layout-flow wp-block-column-is-layout-flow\">\n<h1 class=\"bold-heading-text wp-block-heading\"> Hi, I&#8217;m the teacher who started Teacher Creature. How can I help you? <\/h1>\n\n\n\n<p class=\"block-content-indent\">Are you a student?<\/p>\n\n\n\n<p>Are you a teacher?<\/p>\n\n\n\n<p>I&#8217;ve been teaching English students since 2004, so maybe I can help&#8230;<\/p>\n\n\n\n<p>Take a look around&#8230; Read some articles&#8230; Leave a comment&#8230; <\/p>\n\n\n\n<p>And then let&#8217;s get busy learning and teaching!<\/p>\n\n\n\n<p>Cheers,<br>-Ryan Viguerie<br>the teacher who started Teacher Creature<\/p>\n<\/div>\n\n\n\n<div class=\"wp-block-column is-vertically-aligned-center is-layout-flow wp-block-column-is-layout-flow\">\n<div class=\"wp-block-image vertical-caption image-border stylized-background\"><figure class=\"aligncenter size-large\"><img loading=\"lazy\" decoding=\"async\" width=\"923\" height=\"526\" src=\"http:\/\/7v6.ca4.mywebsitetransfer.com\/wp-content\/uploads\/2021\/05\/me-steps-crop-min.jpg\" alt=\"english teacher ryan viguerie\" class=\"wp-image-229\" srcset=\"https:\/\/tips.teacher-creature.com\/wp-content\/uploads\/2021\/05\/me-steps-crop-min.jpg 923w, https:\/\/tips.teacher-creature.com\/wp-content\/uploads\/2021\/05\/me-steps-crop-min-300x171.jpg 300w, https:\/\/tips.teacher-creature.com\/wp-content\/uploads\/2021\/05\/me-steps-crop-min-768x438.jpg 768w, https:\/\/tips.teacher-creature.com\/wp-content\/uploads\/2021\/05\/me-steps-crop-min-16x9.jpg 16w\" sizes=\"(max-width: 923px) 100vw, 923px\" \/><figcaption><a href=\"#\">Ryan viguerie<\/a><\/figcaption><\/figure><\/div>\n<\/div>\n<\/div>\n\n\n\n<div style=\"color:#ddd\" class=\"wp-block-genesis-blocks-gb-spacer gb-block-spacer gb-divider-solid gb-divider-size-1\"><hr style=\"height:30px\"\/><\/div>\n\n\n\n<div style=\"color:#ddd\" class=\"wp-block-genesis-blocks-gb-spacer gb-block-spacer gb-divider-solid gb-divider-size-1\"><hr style=\"height:30px\"\/><\/div>\n\n\n\n<div class=\"wp-block-image\"><figure class=\"aligncenter\"><img decoding=\"async\" src=\"https:\/\/tctips.wpengine.com\/wp-content\/themes\/authority-pro\/config\/import\/images\/down-arrow.png\" alt=\"\" class=\"wp-image-1520\"\/><\/figure><\/div>\n\n\n\n<div style=\"color:#ddd\" class=\"wp-block-genesis-blocks-gb-spacer gb-block-spacer gb-divider-solid gb-divider-size-1\"><hr style=\"height:30px\"\/><\/div>\n\n\n\n<div style=\"color:#ddd\" class=\"wp-block-genesis-blocks-gb-spacer gb-block-spacer gb-divider-solid gb-divider-size-1\"><hr style=\"height:70px\"\/><\/div>\n\n\n\n<div class=\"wp-block-media-text alignwide is-stacked-on-mobile\" style=\"grid-template-columns:38% auto\"><figure class=\"wp-block-media-text__media\"><img loading=\"lazy\" decoding=\"async\" width=\"1024\" height=\"678\" src=\"http:\/\/7v6.ca4.mywebsitetransfer.com\/wp-content\/uploads\/2021\/05\/Kat1-min-1024x678.jpg\" alt=\"an english teacher and an english student having a lesson in prague\" class=\"wp-image-226 size-full\" srcset=\"https:\/\/tips.teacher-creature.com\/wp-content\/uploads\/2021\/05\/Kat1-min-1024x678.jpg 1024w, https:\/\/tips.teacher-creature.com\/wp-content\/uploads\/2021\/05\/Kat1-min-300x199.jpg 300w, https:\/\/tips.teacher-creature.com\/wp-content\/uploads\/2021\/05\/Kat1-min-768x509.jpg 768w, https:\/\/tips.teacher-creature.com\/wp-content\/uploads\/2021\/05\/Kat1-min-1536x1017.jpg 1536w, https:\/\/tips.teacher-creature.com\/wp-content\/uploads\/2021\/05\/Kat1-min-2048x1356.jpg 2048w, https:\/\/tips.teacher-creature.com\/wp-content\/uploads\/2021\/05\/Kat1-min-16x12.jpg 16w\" sizes=\"(max-width: 1024px) 100vw, 1024px\" \/><\/figure><div class=\"wp-block-media-text__content\">\n<p class=\"authority-subtitle\">LEARN FASTER.<\/p>\n\n\n\n<h2 class=\"entry-title wp-block-heading\"><a href=\"http:\/\/7v6.ca4.mywebsitetransfer.com\/en\/category\/student-tips\/\">Tips For Students <\/a> <\/h2>\n\n\n\n<p class=\"block-content-indent\">Discover inside secrets for mastering English faster with a private teacher. <\/p>\n\n\n\n<div class=\"wp-block-buttons is-layout-flex wp-block-buttons-is-layout-flex\">\n<div class=\"wp-block-button block-content-indent\"><a class=\"wp-block-button__link\" href=\"http:\/\/7v6.ca4.mywebsitetransfer.com\/en\/category\/student-tips\/\">Read Tips For Students<\/a><\/div>\n<\/div>\n\n\n\n<p><\/p>\n<\/div><\/div>\n\n\n\n<div style=\"color:#ddd\" class=\"wp-block-genesis-blocks-gb-spacer gb-block-spacer gb-divider-solid gb-divider-size-1\"><hr style=\"height:30px\"\/><\/div>\n\n\n\n<div style=\"color:#ddd\" class=\"wp-block-genesis-blocks-gb-spacer gb-block-spacer gb-divider-solid gb-divider-size-1\"><hr style=\"height:22px\"\/><\/div>\n\n\n\n<div class=\"wp-block-media-text alignwide has-media-on-the-right is-stacked-on-mobile\" style=\"grid-template-columns:auto 38%\"><figure class=\"wp-block-media-text__media\"><img loading=\"lazy\" decoding=\"async\" width=\"360\" height=\"240\" src=\"http:\/\/7v6.ca4.mywebsitetransfer.com\/wp-content\/uploads\/2021\/04\/home-photo-2.jpg\" alt=\"tips for online english lessons\" class=\"wp-image-64 size-full\" srcset=\"https:\/\/tips.teacher-creature.com\/wp-content\/uploads\/2021\/04\/home-photo-2.jpg 360w, https:\/\/tips.teacher-creature.com\/wp-content\/uploads\/2021\/04\/home-photo-2-300x200.jpg 300w, https:\/\/tips.teacher-creature.com\/wp-content\/uploads\/2021\/04\/home-photo-2-16x12.jpg 16w\" sizes=\"(max-width: 360px) 100vw, 360px\" \/><\/figure><div class=\"wp-block-media-text__content\">\n<p class=\"authority-subtitle\">WHAT THEY DIDN&#8217;T TEACH YOU IN YOUR TEFL COURSE<\/p>\n\n\n\n<h2 class=\"entry-title wp-block-heading\"><a href=\"http:\/\/7v6.ca4.mywebsitetransfer.com\/en\/category\/teacher-tips\/\">Tips For Teachers<\/a><\/h2>\n\n\n\n<p class=\"block-content-indent\">A freelance teacher wears two hats &#8211; teacher and business owner. Learn how to teach for your business and how to run your business for your students. <\/p>\n\n\n\n<div class=\"wp-block-buttons is-layout-flex wp-block-buttons-is-layout-flex\">\n<div class=\"wp-block-button block-content-indent\"><a class=\"wp-block-button__link\" href=\"http:\/\/7v6.ca4.mywebsitetransfer.com\/en\/category\/teacher-tips\/\">READ TIPS FOR TEACHERS<\/a><\/div>\n<\/div>\n<\/div><\/div>\n\n\n\n<div class=\"wp-block-media-text alignwide is-stacked-on-mobile\" style=\"grid-template-columns:38% auto\"><figure class=\"wp-block-media-text__media\"><img decoding=\"async\" src=\"https:\/\/tctips.wpengine.com\/wp-content\/themes\/authority-pro\/config\/import\/images\/icons.jpg\" alt=\"Teacher Creature Tips Alerts\" class=\"wp-image-562 size-full\"\/><\/figure><div class=\"wp-block-media-text__content\">\n<p class=\"authority-subtitle\">NEW TEACHER ALERTS IN YOUR INBOX<\/p>\n\n\n\n<h2 class=\"entry-title wp-block-heading\"><a href=\"#\">New Teacher Alerts<\/a><\/h2>\n\n\n\n<p class=\"block-content-indent\">Be the first to know when there&#8217;s a new Teacher Creature teacher, a new article, or a new course.<\/p>\n\n\n<div class=\"\"><div class='_form_60'><\/div><script type='text\/javascript' src='https:\/\/teachercreature.activehosted.com\/f\/embed.php?static=0&id=60&69D968D9D744D&nostyles=1&preview=0'><\/script><\/div>\n\n\n<p><\/p>\n<\/div><\/div>\n\n\n\n<div style=\"padding-left:8%;padding-right:8%\" class=\"wp-block-genesis-blocks-gb-container gb-block-container alignfull\"><div class=\"gb-container-inside\"><div class=\"gb-container-content\" style=\"max-width:1200px\">\n<div style=\"color:#eeeeee\" class=\"wp-block-genesis-blocks-gb-spacer gb-block-spacer gb-divider-solid gb-spacer-divider gb-divider-size-1\"><hr style=\"height:170px\"\/><\/div>\n\n\n\n<h2 class=\"has-text-align-center wp-block-heading\">The Newest Articles<\/h2>\n<\/div><\/div><\/div>\n\n\n\n<div style=\"padding-left:8%;padding-right:8%\" class=\"wp-block-genesis-blocks-gb-container gb-block-container alignfull\"><div class=\"gb-container-inside\"><div class=\"gb-container-content\" style=\"max-width:1140px\">\n<div class=\"wp-block-buttons is-content-justification-right is-layout-flex wp-block-buttons-is-layout-flex\">\n<div class=\"wp-block-button\"><a class=\"wp-block-button__link\"><\/a><\/div>\n<\/div>\n\n\n\n<div style=\"color:#ddd\" class=\"wp-block-genesis-blocks-gb-spacer gb-block-spacer gb-divider-solid gb-divider-size-1\"><hr style=\"height:70px\"\/><\/div>\n\n\n<section class=\"gb-block-post-grid featuredpost aligncenter\"><div class=\"gb-post-grid-items is-grid columns-3\"><article id=\"post-280\" class=\"gb-post-grid-item post-280 post type-post status-publish format-standard has-post-thumbnail category-teacher-tips entry\"><div class=\"gb-block-post-grid-image\"><a href=\"https:\/\/tips.teacher-creature.com\/en\/teacher-profile-headline\/\" rel=\"bookmark\" aria-hidden=\"true\" tabindex=\"-1\"><img loading=\"lazy\" decoding=\"async\" width=\"680\" height=\"290\" src=\"https:\/\/tips.teacher-creature.com\/wp-content\/uploads\/2021\/05\/tc-tips-featured-images-min-680x290.png\" class=\"attachment-blog-featured-image size-blog-featured-image\" alt=\"obr\u00e1zek p\u0159\u00edsp\u011bvku na blogu, jak napsat nadpis profilu u\u010ditele\" srcset=\"https:\/\/tips.teacher-creature.com\/wp-content\/uploads\/2021\/05\/tc-tips-featured-images-min-680x290.png 680w, https:\/\/tips.teacher-creature.com\/wp-content\/uploads\/2021\/05\/tc-tips-featured-images-min-16x8.png 16w\" sizes=\"(max-width: 680px) 100vw, 680px\" \/><\/a><\/div><div class=\"gb-block-post-grid-text\"><header class=\"gb-block-post-grid-header\"><h3 class=\"gb-block-post-grid-title\"><a href=\"https:\/\/tips.teacher-creature.com\/en\/teacher-profile-headline\/\" rel=\"bookmark\">How To Write A Headline That Stops Traffic And Prints Money<\/a><\/h3><div class=\"gb-block-post-grid-byline\"><div class=\"gb-block-post-grid-author\" itemprop=\"author\" itemtype=\"https:\/\/schema.org\/Person\"><a class=\"gb-text-link\" href=\"https:\/\/tips.teacher-creature.com\/en\/author\/tctips\/\" itemprop=\"url\" rel=\"author\"><span itemprop=\"name\">Ryan Viguerie<\/span><\/a><\/div><time datetime=\"2021-05-30T14:54:00+00:00\" class=\"gb-block-post-grid-date\" itemprop=\"datePublished\">May 30, 2021<\/time><\/div><\/header><div class=\"gb-block-post-grid-excerpt\"><p>In this article you\u2019re going to learn how to write a headline for your teacher profile.&nbsp; After your photo, it\u2019s the second thing a&hellip;<\/p>\n<p><a class=\"gb-block-post-grid-more-link gb-text-link\" href=\"https:\/\/tips.teacher-creature.com\/en\/teacher-profile-headline\/\" rel=\"bookmark\">Continue Reading <span class=\"screen-reader-text\">How To Write A Headline That Stops Traffic And Prints Money<\/span><\/a><\/p><\/div><\/div><\/article>\n<article id=\"post-278\" class=\"gb-post-grid-item post-278 post type-post status-publish format-standard has-post-thumbnail category-teacher-tips entry\"><div class=\"gb-block-post-grid-image\"><a href=\"https:\/\/tips.teacher-creature.com\/en\/student-lifetime-value\/\" rel=\"bookmark\" aria-hidden=\"true\" tabindex=\"-1\"><img loading=\"lazy\" decoding=\"async\" width=\"680\" height=\"290\" src=\"https:\/\/tips.teacher-creature.com\/wp-content\/uploads\/2021\/05\/tc-tips-featured-images-2-min-1-680x290.png\" class=\"attachment-blog-featured-image size-blog-featured-image\" alt=\"blog post cover for &quot;the real value of an english student&quot;\" srcset=\"https:\/\/tips.teacher-creature.com\/wp-content\/uploads\/2021\/05\/tc-tips-featured-images-2-min-1-680x290.png 680w, https:\/\/tips.teacher-creature.com\/wp-content\/uploads\/2021\/05\/tc-tips-featured-images-2-min-1-16x8.png 16w\" sizes=\"(max-width: 680px) 100vw, 680px\" \/><\/a><\/div><div class=\"gb-block-post-grid-text\"><header class=\"gb-block-post-grid-header\"><h3 class=\"gb-block-post-grid-title\"><a href=\"https:\/\/tips.teacher-creature.com\/en\/student-lifetime-value\/\" rel=\"bookmark\">The Real Value Of One Student<\/a><\/h3><div class=\"gb-block-post-grid-byline\"><div class=\"gb-block-post-grid-author\" itemprop=\"author\" itemtype=\"https:\/\/schema.org\/Person\"><a class=\"gb-text-link\" href=\"https:\/\/tips.teacher-creature.com\/en\/author\/tctips\/\" itemprop=\"url\" rel=\"author\"><span itemprop=\"name\">Ryan Viguerie<\/span><\/a><\/div><time datetime=\"2021-05-28T13:21:36+00:00\" class=\"gb-block-post-grid-date\" itemprop=\"datePublished\">May 28, 2021<\/time><\/div><\/header><div class=\"gb-block-post-grid-excerpt\"><p>Years ago, I got a new student named David. In terms of his value as a customer, he got off to a good start&hellip;<\/p>\n<p><a class=\"gb-block-post-grid-more-link gb-text-link\" href=\"https:\/\/tips.teacher-creature.com\/en\/student-lifetime-value\/\" rel=\"bookmark\">Continue Reading <span class=\"screen-reader-text\">The Real Value Of One Student<\/span><\/a><\/p><\/div><\/div><\/article>\n<article id=\"post-200\" class=\"gb-post-grid-item post-200 post type-post status-publish format-standard has-post-thumbnail category-student-tips entry\"><div class=\"gb-block-post-grid-image\"><a href=\"https:\/\/tips.teacher-creature.com\/en\/unusual-english-classrooms\/\" rel=\"bookmark\" aria-hidden=\"true\" tabindex=\"-1\"><img loading=\"lazy\" decoding=\"async\" width=\"680\" height=\"290\" src=\"https:\/\/tips.teacher-creature.com\/wp-content\/uploads\/2021\/05\/toilet-min-680x290.png\" class=\"attachment-blog-featured-image size-blog-featured-image\" alt=\"fluent english speakers are made on the toilet\" srcset=\"https:\/\/tips.teacher-creature.com\/wp-content\/uploads\/2021\/05\/toilet-min-680x290.png 680w, https:\/\/tips.teacher-creature.com\/wp-content\/uploads\/2021\/05\/toilet-min-16x8.png 16w\" sizes=\"(max-width: 680px) 100vw, 680px\" \/><\/a><\/div><div class=\"gb-block-post-grid-text\"><header class=\"gb-block-post-grid-header\"><h3 class=\"gb-block-post-grid-title\"><a href=\"https:\/\/tips.teacher-creature.com\/en\/unusual-english-classrooms\/\" rel=\"bookmark\">5 Unusual English Classrooms That Will Make You Fluent<\/a><\/h3><div class=\"gb-block-post-grid-byline\"><div class=\"gb-block-post-grid-author\" itemprop=\"author\" itemtype=\"https:\/\/schema.org\/Person\"><a class=\"gb-text-link\" href=\"https:\/\/tips.teacher-creature.com\/en\/author\/tctips\/\" itemprop=\"url\" rel=\"author\"><span itemprop=\"name\">Ryan Viguerie<\/span><\/a><\/div><time datetime=\"2021-05-21T08:23:25+00:00\" class=\"gb-block-post-grid-date\" itemprop=\"datePublished\">May 21, 2021<\/time><\/div><\/header><div class=\"gb-block-post-grid-excerpt\"><p>Go to the gym and you will get fit and sexy. Yes or no? Yes. But\u2026. The gym will not fix everything. You\u2019ve still&hellip;<\/p>\n<p><a class=\"gb-block-post-grid-more-link gb-text-link\" href=\"https:\/\/tips.teacher-creature.com\/en\/unusual-english-classrooms\/\" rel=\"bookmark\">Continue Reading <span class=\"screen-reader-text\">5 Unusual English Classrooms That Will Make You Fluent<\/span><\/a><\/p><\/div><\/div><\/article>\n<\/div><\/section><\/div><\/div><\/div>\n\n\n\n<p><\/p>\n","protected":false},"excerpt":{"rendered":"<p>Hi, I&#8217;m the teacher who started Teacher Creature. How can I help you? Are you a student? Are you a teacher? I&#8217;ve been teaching English students since 2004, so maybe I can help&#8230; Take a look around&#8230; Read some articles&#8230; Leave a comment&#8230; And then let&#8217;s get busy learning and teaching! Cheers,-Ryan Vigueriethe teacher who [&hellip;]<\/p>\n","protected":false},"author":1,"featured_media":71,"parent":0,"menu_order":0,"comment_status":"closed","ping_status":"closed","template":"page-templates\/blocks.php","meta":{"om_disable_all_campaigns":false,"_monsterinsights_skip_tracking":false,"_monsterinsights_sitenote_active":false,"_monsterinsights_sitenote_note":"","_monsterinsights_sitenote_category":0,"_genesis_hide_title":false,"_genesis_hide_breadcrumbs":false,"_genesis_hide_singular_image":false,"_genesis_hide_footer_widgets":false,"_genesis_custom_body_class":"","_genesis_custom_post_class":"","_genesis_layout":"","footnotes":""},"yoast_head":"<!-- This site is optimized with the Yoast SEO plugin v19.6 - https:\/\/yoast.com\/wordpress\/plugins\/seo\/ -->\n<title>Teacher Creature Tips for an enjoyable learning experience.<\/title>\n<meta name=\"description\" content=\"Teacher Creature Blog - Find great tips for foreign language students and teachers. Make your learning experience more enjoyable.\" \/>\n<meta name=\"robots\" content=\"index, follow, max-snippet:-1, max-image-preview:large, max-video-preview:-1\" \/>\n<link rel=\"canonical\" href=\"http:\/\/tips.teacher-creature.com\/en\/\" \/>\n<meta property=\"og:locale\" content=\"en_US\" \/>\n<meta property=\"og:type\" content=\"article\" \/>\n<meta property=\"og:title\" content=\"Teacher Creature Tips for an enjoyable learning experience.\" \/>\n<meta property=\"og:description\" content=\"Teacher Creature Blog - Find great tips for foreign language students and teachers. Make your learning experience more enjoyable.\" \/>\n<meta property=\"og:url\" content=\"http:\/\/tips.teacher-creature.com\/en\/\" \/>\n<meta property=\"og:site_name\" content=\"Teacher Creature Tips\" \/>\n<meta property=\"article:publisher\" content=\"https:\/\/www.facebook.com\/teachercreature.cz\" \/>\n<meta property=\"article:modified_time\" content=\"2021-06-13T11:14:06+00:00\" \/>\n<meta property=\"og:image\" content=\"http:\/\/tips.teacher-creature.com\/wp-content\/uploads\/2021\/04\/me-steps-crop.jpg\" \/>\n\t<meta property=\"og:image:width\" content=\"923\" \/>\n\t<meta property=\"og:image:height\" content=\"526\" \/>\n\t<meta property=\"og:image:type\" content=\"image\/jpeg\" \/>\n<meta name=\"twitter:card\" content=\"summary_large_image\" \/>\n<meta name=\"twitter:label1\" content=\"Est. reading time\" \/>\n\t<meta name=\"twitter:data1\" content=\"2 minutes\" \/>\n<script type=\"application\/ld+json\" class=\"yoast-schema-graph\">{\"@context\":\"https:\/\/schema.org\",\"@graph\":[{\"@type\":\"WebPage\",\"@id\":\"http:\/\/tips.teacher-creature.com\/en\/\",\"url\":\"http:\/\/tips.teacher-creature.com\/en\/\",\"name\":\"Teacher Creature Tips for an enjoyable learning experience.\",\"isPartOf\":{\"@id\":\"http:\/\/tips.teacher-creature.com\/en\/#website\"},\"datePublished\":\"2021-03-20T17:32:32+00:00\",\"dateModified\":\"2021-06-13T11:14:06+00:00\",\"description\":\"Teacher Creature Blog - Find great tips for foreign language students and teachers. Make your learning experience more enjoyable.\",\"breadcrumb\":{\"@id\":\"http:\/\/tips.teacher-creature.com\/en\/#breadcrumb\"},\"inLanguage\":\"en-US\",\"potentialAction\":[{\"@type\":\"ReadAction\",\"target\":[\"http:\/\/tips.teacher-creature.com\/en\/\"]}]},{\"@type\":\"BreadcrumbList\",\"@id\":\"http:\/\/tips.teacher-creature.com\/en\/#breadcrumb\",\"itemListElement\":[{\"@type\":\"ListItem\",\"position\":1,\"name\":\"Home\",\"item\":\"http:\/\/tips.teacher-creature.com\/en\/\"},{\"@type\":\"ListItem\",\"position\":2,\"name\":\"\"}]},{\"@type\":\"WebSite\",\"@id\":\"http:\/\/tips.teacher-creature.com\/en\/#website\",\"url\":\"http:\/\/tips.teacher-creature.com\/en\/\",\"name\":\"Teacher Creature Tips\",\"description\":\"Teacher Creature Tips\",\"publisher\":{\"@id\":\"http:\/\/tips.teacher-creature.com\/en\/#organization\"},\"potentialAction\":[{\"@type\":\"SearchAction\",\"target\":{\"@type\":\"EntryPoint\",\"urlTemplate\":\"http:\/\/tips.teacher-creature.com\/en\/?s={search_term_string}\"},\"query-input\":\"required name=search_term_string\"}],\"inLanguage\":\"en-US\"},{\"@type\":\"Organization\",\"@id\":\"http:\/\/tips.teacher-creature.com\/en\/#organization\",\"name\":\"Teacher Creature Tips\",\"url\":\"http:\/\/tips.teacher-creature.com\/en\/\",\"sameAs\":[\"https:\/\/www.facebook.com\/teachercreature.cz\"],\"logo\":{\"@type\":\"ImageObject\",\"inLanguage\":\"en-US\",\"@id\":\"http:\/\/tips.teacher-creature.com\/en\/#\/schema\/logo\/image\/\",\"url\":\"https:\/\/tips.teacher-creature.com\/wp-content\/uploads\/2021\/05\/cropped-tc-logo-no-bg-min.png\",\"contentUrl\":\"https:\/\/tips.teacher-creature.com\/wp-content\/uploads\/2021\/05\/cropped-tc-logo-no-bg-min.png\",\"width\":472,\"height\":132,\"caption\":\"Teacher Creature Tips\"},\"image\":{\"@id\":\"http:\/\/tips.teacher-creature.com\/en\/#\/schema\/logo\/image\/\"}}]}<\/script>\n<!-- \/ Yoast SEO plugin. -->","yoast_head_json":{"title":"Teacher Creature Tips for an enjoyable learning experience.","description":"Teacher Creature Blog - Find great tips for foreign language students and teachers. Make your learning experience more enjoyable.","robots":{"index":"index","follow":"follow","max-snippet":"max-snippet:-1","max-image-preview":"max-image-preview:large","max-video-preview":"max-video-preview:-1"},"canonical":"http:\/\/tips.teacher-creature.com\/en\/","og_locale":"en_US","og_type":"article","og_title":"Teacher Creature Tips for an enjoyable learning experience.","og_description":"Teacher Creature Blog - Find great tips for foreign language students and teachers. Make your learning experience more enjoyable.","og_url":"http:\/\/tips.teacher-creature.com\/en\/","og_site_name":"Teacher Creature Tips","article_publisher":"https:\/\/www.facebook.com\/teachercreature.cz","article_modified_time":"2021-06-13T11:14:06+00:00","og_image":[{"width":923,"height":526,"url":"http:\/\/tips.teacher-creature.com\/wp-content\/uploads\/2021\/04\/me-steps-crop.jpg","type":"image\/jpeg"}],"twitter_card":"summary_large_image","twitter_misc":{"Est. reading time":"2 minutes"},"schema":{"@context":"https:\/\/schema.org","@graph":[{"@type":"WebPage","@id":"http:\/\/tips.teacher-creature.com\/en\/","url":"http:\/\/tips.teacher-creature.com\/en\/","name":"Teacher Creature Tips for an enjoyable learning experience.","isPartOf":{"@id":"http:\/\/tips.teacher-creature.com\/en\/#website"},"datePublished":"2021-03-20T17:32:32+00:00","dateModified":"2021-06-13T11:14:06+00:00","description":"Teacher Creature Blog - Find great tips for foreign language students and teachers. Make your learning experience more enjoyable.","breadcrumb":{"@id":"http:\/\/tips.teacher-creature.com\/en\/#breadcrumb"},"inLanguage":"en-US","potentialAction":[{"@type":"ReadAction","target":["http:\/\/tips.teacher-creature.com\/en\/"]}]},{"@type":"BreadcrumbList","@id":"http:\/\/tips.teacher-creature.com\/en\/#breadcrumb","itemListElement":[{"@type":"ListItem","position":1,"name":"Home","item":"http:\/\/tips.teacher-creature.com\/en\/"},{"@type":"ListItem","position":2,"name":""}]},{"@type":"WebSite","@id":"http:\/\/tips.teacher-creature.com\/en\/#website","url":"http:\/\/tips.teacher-creature.com\/en\/","name":"Teacher Creature Tips","description":"Teacher Creature Tips","publisher":{"@id":"http:\/\/tips.teacher-creature.com\/en\/#organization"},"potentialAction":[{"@type":"SearchAction","target":{"@type":"EntryPoint","urlTemplate":"http:\/\/tips.teacher-creature.com\/en\/?s={search_term_string}"},"query-input":"required name=search_term_string"}],"inLanguage":"en-US"},{"@type":"Organization","@id":"http:\/\/tips.teacher-creature.com\/en\/#organization","name":"Teacher Creature Tips","url":"http:\/\/tips.teacher-creature.com\/en\/","sameAs":["https:\/\/www.facebook.com\/teachercreature.cz"],"logo":{"@type":"ImageObject","inLanguage":"en-US","@id":"http:\/\/tips.teacher-creature.com\/en\/#\/schema\/logo\/image\/","url":"https:\/\/tips.teacher-creature.com\/wp-content\/uploads\/2021\/05\/cropped-tc-logo-no-bg-min.png","contentUrl":"https:\/\/tips.teacher-creature.com\/wp-content\/uploads\/2021\/05\/cropped-tc-logo-no-bg-min.png","width":472,"height":132,"caption":"Teacher Creature Tips"},"image":{"@id":"http:\/\/tips.teacher-creature.com\/en\/#\/schema\/logo\/image\/"}}]}},"featured_image_src":"https:\/\/tips.teacher-creature.com\/wp-content\/uploads\/2021\/04\/me-steps-crop-600x400.jpg","featured_image_src_square":"https:\/\/tips.teacher-creature.com\/wp-content\/uploads\/2021\/04\/me-steps-crop-600x526.jpg","_links":{"self":[{"href":"https:\/\/tips.teacher-creature.com\/en\/wp-json\/wp\/v2\/pages\/6"}],"collection":[{"href":"https:\/\/tips.teacher-creature.com\/en\/wp-json\/wp\/v2\/pages"}],"about":[{"href":"https:\/\/tips.teacher-creature.com\/en\/wp-json\/wp\/v2\/types\/page"}],"author":[{"embeddable":true,"href":"https:\/\/tips.teacher-creature.com\/en\/wp-json\/wp\/v2\/users\/1"}],"replies":[{"embeddable":true,"href":"https:\/\/tips.teacher-creature.com\/en\/wp-json\/wp\/v2\/comments?post=6"}],"version-history":[{"count":0,"href":"https:\/\/tips.teacher-creature.com\/en\/wp-json\/wp\/v2\/pages\/6\/revisions"}],"wp:featuredmedia":[{"embeddable":true,"href":"https:\/\/tips.teacher-creature.com\/en\/wp-json\/wp\/v2\/media\/71"}],"wp:attachment":[{"href":"https:\/\/tips.teacher-creature.com\/en\/wp-json\/wp\/v2\/media?parent=6"}],"curies":[{"name":"wp","href":"https:\/\/api.w.org\/{rel}","templated":true}]}}